{"id":1705,"date":"2025-02-22T21:16:08","date_gmt":"2025-02-22T20:16:08","guid":{"rendered":"https:\/\/eichenlaub-haunwang.de\/?page_id=1705"},"modified":"2025-02-23T19:54:48","modified_gmt":"2025-02-23T18:54:48","slug":"lichtgewehrschiessen-bei-den-eichenlaubschuetzen-haunwang","status":"publish","type":"page","link":"https:\/\/eichenlaub-haunwang.de\/index.php\/lichtgewehrschiessen-bei-den-eichenlaubschuetzen-haunwang\/","title":{"rendered":"Lichtgewehrschie\u00dfen bei den Eichenlaubsch\u00fctzen Haunwang"},"content":{"rendered":"\n<h2 class=\"wp-block-heading\">Spa\u00df, Spannung und Sport f\u00fcr Kinder ab 6 Jahren!<\/h2>\n\n\n\n<p>Du bist min\u00addes\u00adtens 6 Jah\u00adre alt und hast Lust auf eine span\u00adnen\u00adde, pr\u00e4\u00adzi\u00adse Sport\u00adart? <br>Dann komm vor\u00adbei und pro\u00adbie\u00adre das Licht\u00adge\u00adwehr\u00adschie\u00ad\u00dfen aus! Bei uns kannst du ohne Alters\u00adbe\u00adgren\u00adzung und gesetz\u00adli\u00adche Ein\u00adschr\u00e4n\u00adkun\u00adgen den Schie\u00df\u00adsport erle\u00adben.<\/p>\n\n\n\n<h2 class=\"wp-block-heading\">Was erwartet dich?<\/h2>\n\n\n\n<div class=\"wp-block-media-text is-stacked-on-mobile\" style=\"grid-template-columns:42% auto\"><figure class=\"wp-block-media-text__media\"><img loading=\"lazy\" decoding=\"async\" width=\"500\" height=\"500\" src=\"https:\/\/eichenlaub-haunwang.de\/wp-content\/uploads\/2025\/02\/lichtgewehr.jpg\" alt class=\"wp-image-1689 size-full\" srcset=\"https:\/\/eichenlaub-haunwang.de\/wp-content\/uploads\/2025\/02\/lichtgewehr.jpg 500w, https:\/\/eichenlaub-haunwang.de\/wp-content\/uploads\/2025\/02\/lichtgewehr-300x300.jpg 300w, https:\/\/eichenlaub-haunwang.de\/wp-content\/uploads\/2025\/02\/lichtgewehr-150x150.jpg 150w\" sizes=\"auto, (max-width: 500px) 100vw, 500px\"><\/figure><div class=\"wp-block-media-text__content\">\n<ul class=\"wp-block-list\">\n<li>Schie\u00ad\u00dfen auf moder\u00adnen <strong>DISAG Red\u00adDot-Anla\u00adgen<\/strong> mit Laser\u00adtech\u00adnik<\/li>\n\n\n\n<li><strong>Kein Risi\u00adko, kei\u00adne Muni\u00adti\u00adon, <\/strong>kein Waf\u00adfen\u00adschein oder \u00c4hn\u00adli\u00adches not\u00adwen\u00addig<\/li>\n\n\n\n<li>Ein\u00adfa\u00adche und siche\u00adre Hand\u00adha\u00adbung mit ver\u00adstell\u00adba\u00adren Geweh\u00adren<\/li>\n\n\n\n<li>Ers\u00adte Schie\u00ad\u00df\u00ader\u00adfah\u00adrun\u00adgen sam\u00admeln ohne Ver\u00adeins\u00admit\u00adglied\u00adschaft<\/li>\n\n\n\n<li>Spiel und Spass in der Haun\u00adwan\u00adger Sch\u00fct\u00adzen\u00adju\u00adgend<\/li>\n<\/ul>\n<\/div><\/div>\n\n\n\n<h2 class=\"wp-block-heading\"><strong>Warum Lichtgewehrschie\u00dfen?<\/strong><\/h2>\n\n\n\n<p>Fr\u00fc\u00adher war es f\u00fcr Kin\u00adder unter 12 Jah\u00adren fast unm\u00f6g\u00adlich, in den Schie\u00df\u00adsport ein\u00adzu\u00adstei\u00adgen. Dank moder\u00adner Laser\u00adtech\u00adnik k\u00f6n\u00adnen jetzt schon die J\u00fcngs\u00adten die\u00adsen fas\u00adzi\u00adnie\u00adren\u00adden Sport aus\u00ad\u00fcben. Es ist <strong>v\u00f6l\u00adlig gefahr\u00adlos<\/strong> und gleich\u00adzei\u00adtig eine super Gele\u00adgen\u00adheit, Kon\u00adzen\u00adtra\u00adti\u00adon, Dis\u00adzi\u00adplin und Team\u00adgeist zu trai\u00adnie\u00adren.<\/p>\n\n\n\n<h3 class=\"wp-block-heading\"><strong>Fast wie bei den Gro\u00dfen!<\/strong><\/h3>\n\n\n\n<p>Unse\u00adre Licht\u00adge\u00adweh\u00adre sind mit ver\u00adstell\u00adba\u00adren Schaft\u00adl\u00e4n\u00adgen, Match\u00adab\u00adzug und Diop\u00adter aus\u00adge\u00adstat\u00adtet \u2013 genau wie die Pro\u00adfi-Sport\u00adge\u00adweh\u00adre! <\/p>\n\n\n\n<p>Das bedeu\u00adtet: <strong>Maxi\u00adma\u00adler Schie\u00df\u00adspa\u00df mit Pr\u00e4\u00adzi\u00adsi\u00adon!<\/strong><\/p>\n\n\n\n<h3 class=\"wp-block-heading\"><strong>Lichtgewehrschie\u00dfen f\u00f6rdert:<\/strong><\/h3>\n\n\n\n<p>\u2705 Kon\u00adzen\u00adtra\u00adti\u00adon<br>\u2705 K\u00f6r\u00adper\u00adbe\u00adherr\u00adschung<br>\u2705 Aus\u00addau\u00ader &amp; Dis\u00adzi\u00adplin<br>\u2705 Team\u00adgeist<\/p>\n\n\n\n<h3 class=\"wp-block-heading\"><strong>Sicherheit geht vor!<\/strong><\/h3>\n\n\n\n<p>Das Licht\u00adpunkt\u00adge\u00adwehr ist <strong>kei\u00adne Waf\u00adfe im Sin\u00adne des Waf\u00adfen\u00adge\u00adset\u00adzes<\/strong> und ver\u00adwen\u00addet <strong>unge\u00adf\u00e4hr\u00adli\u00adche Infra\u00adrot-Tech\u00adnik<\/strong>. <\/p>\n\n\n\n<p>Es gibt kei\u00adne Muni\u00adti\u00adon, kei\u00adnen R\u00fcck\u00adsto\u00df und kein Ver\u00adlet\u00adzungs\u00adri\u00adsi\u00adko \u2013 also per\u00adfekt f\u00fcr Kin\u00adder!<\/p>\n\n\n\n<h2 class=\"wp-block-heading\"><strong>Training &amp; Anmeldung<\/strong><\/h2>\n\n\n\n<p>Wir trai\u00adnie\u00adren regel\u00adm\u00e4\u00ad\u00dfig (ab 12.03.2025 Mitt\u00adwochs von 18\u201319 Uhr) in unse\u00adrem Sch\u00fct\u00adzen\u00adheim. <br>Falls du Lust hast, es aus\u00adzu\u00adpro\u00adbie\u00adren, bring ein\u00adfach dei\u00adne Eltern mit! Eine Ein\u00adver\u00adst\u00e4nd\u00adnis\u00ader\u00adkl\u00e4\u00adrung fin\u00addest du <a href=\"https:\/\/eichenlaub-haunwang.de\/index.php\/einverstaendniserklaerung-gemaess-27-waffg\/\">hier<\/a><\/p>\n\n\n\n<p><strong>Jetzt rein\u00adschnup\u00adpern und mit\u00adma\u00adchen!<\/strong><br>Komm vor\u00adbei und wer\u00adde Teil unse\u00adres Teams! Schie\u00df\u00adsport ist span\u00adnend, macht Spa\u00df und bie\u00adtet jede Men\u00adge neue Freun\u00adde.<\/p>\n\n\n\n<p><strong>Fra\u00adgen?<\/strong><br>Dann mel\u00adde dich ein\u00adfach bei uns \u2013 wir freu\u00aden uns auf dich, ger\u00adne auch per For\u00admu\u00adlar:<br><\/p>\n\n\n<style id=\"wpforms-css-vars-1701\">\n\t\t\t\t#wpforms-1701 {\n\t\t\t\t\n\t\t\t}\n\t\t\t<\/style><div class=\"wpforms-container wpforms-container-full wpforms-render-modern\" id=\"wpforms-1701\"><form id=\"wpforms-form-1701\" class=\"wpforms-validate wpforms-form wpforms-ajax-form\" data-formid=\"1701\" method=\"post\" enctype=\"multipart\/form-data\" action=\"\/index.php\/wp-json\/wp\/v2\/pages\/1705\" data-token=\"a6877091e7316d6ad553ce462a590965\" data-token-time=\"1777964325\"><noscript class=\"wpforms-error-noscript\">Bit\u00adte akti\u00advie\u00adre Java\u00adScript in dei\u00adnem Brow\u00adser, um die\u00adses For\u00admu\u00adlar fer\u00adtig\u00adzu\u00adstel\u00adlen.<\/noscript><div id=\"wpforms-error-noscript\" style=\"display: none;\">Bit\u00adte akti\u00advie\u00adre Java\u00adScript in dei\u00adnem Brow\u00adser, um die\u00adses For\u00admu\u00adlar fer\u00adtig\u00adzu\u00adstel\u00adlen.<\/div><div class=\"wpforms-field-container\"><div id=\"wpforms-1701-field_2-container\" class=\"wpforms-field wpforms-field-text\" data-field-id=\"2\"><label class=\"wpforms-field-label\" for=\"wpforms-1701-field_2\">Vor\u00adna\u00adme <span class=\"wpforms-required-label\" aria-hidden=\"true\">*<\/span><\/label><input type=\"text\" id=\"wpforms-1701-field_2\" class=\"wpforms-field-medium wpforms-field-required\" name=\"wpforms[fields][2]\" aria-errormessage=\"wpforms-1701-field_2-error\" aria-describedby=\"wpforms-1701-field_2-description\" required><div id=\"wpforms-1701-field_2-description\" class=\"wpforms-field-description\">Vor\u00adna\u00adme des Kin\u00addes<\/div><\/div><div id=\"wpforms-1701-field_3-container\" class=\"wpforms-field wpforms-field-text\" data-field-id=\"3\"><label class=\"wpforms-field-label\" for=\"wpforms-1701-field_3\">Nach\u00adna\u00adme <span class=\"wpforms-required-label\" aria-hidden=\"true\">*<\/span><\/label><input type=\"text\" id=\"wpforms-1701-field_3\" class=\"wpforms-field-medium wpforms-field-required\" name=\"wpforms[fields][3]\" aria-errormessage=\"wpforms-1701-field_3-error\" aria-describedby=\"wpforms-1701-field_3-description\" required><div id=\"wpforms-1701-field_3-description\" class=\"wpforms-field-description\">Nach\u00adna\u00adme des Kin\u00addes<\/div><\/div><div id=\"wpforms-1701-field_12-container\" class=\"wpforms-field wpforms-field-text\" data-field-id=\"12\"><label class=\"wpforms-field-label\" for=\"wpforms-1701-field_12\">Geburts\u00adda\u00adtum <span class=\"wpforms-required-label\" aria-hidden=\"true\">*<\/span><\/label><input type=\"text\" id=\"wpforms-1701-field_12\" class=\"wpforms-field-medium wpforms-field-required\" name=\"wpforms[fields][12]\" aria-errormessage=\"wpforms-1701-field_12-error\" aria-describedby=\"wpforms-1701-field_12-description\" required><div id=\"wpforms-1701-field_12-description\" class=\"wpforms-field-description\">Geburts\u00adda\u00adtum des Kin\u00addes<\/div><\/div><div id=\"wpforms-1701-field_13-container\" class=\"wpforms-field wpforms-field-text\" data-field-id=\"13\"><label class=\"wpforms-field-label\" for=\"wpforms-1701-field_13\">Tele\u00adfon\u00adnum\u00admer <span class=\"wpforms-required-label\" aria-hidden=\"true\">*<\/span><\/label><input type=\"text\" id=\"wpforms-1701-field_13\" class=\"wpforms-field-medium wpforms-field-required\" name=\"wpforms[fields][13]\" aria-errormessage=\"wpforms-1701-field_13-error\" aria-describedby=\"wpforms-1701-field_13-description\" required><div id=\"wpforms-1701-field_13-description\" class=\"wpforms-field-description\">Unter wel\u00adcher Tele\u00adfon\u00adnum\u00admer k\u00f6n\u00adnen wir einen Eltern\u00adteil errei\u00adchen<\/div><\/div><div id=\"wpforms-1701-field_8-container\" class=\"wpforms-field wpforms-field-email\" data-field-id=\"8\"><label class=\"wpforms-field-label\" for=\"wpforms-1701-field_8\">E\u2011Mail-Adres\u00adse<\/label><input type=\"email\" id=\"wpforms-1701-field_8\" class=\"wpforms-field-medium\" name=\"wpforms[fields][8]\" spellcheck=\"false\" aria-errormessage=\"wpforms-1701-field_8-error\" aria-describedby=\"wpforms-1701-field_8-description\"><div id=\"wpforms-1701-field_8-description\" class=\"wpforms-field-description\">Email Adres\u00adse eines Eltern\u00adteils<\/div><\/div><div id=\"wpforms-1701-field_9-container\" class=\"wpforms-field wpforms-field-gdpr-checkbox\" data-field-id=\"9\"><label class=\"wpforms-field-label\">DSGVO-Ein\u00adver\u00adst\u00e4nd\u00adnis <span class=\"wpforms-required-label\" aria-hidden=\"true\">*<\/span><\/label><ul id=\"wpforms-1701-field_9\" class=\"wpforms-field-required\"><li class=\"choice-1\"><input type=\"checkbox\" id=\"wpforms-1701-field_9_1\" name=\"wpforms[fields][9][]\" value=\"Ich willige ein, dass diese Website meine \u00fcbermittelten Informationen speichert, sodass meine Anfrage beantwortet werden kann.\" aria-errormessage=\"wpforms-1701-field_9_1-error\" required><label class=\"wpforms-field-label-inline\" for=\"wpforms-1701-field_9_1\">Ich wil\u00adli\u00adge ein, dass die\u00adse Web\u00adsite mei\u00adne \u00fcber\u00admit\u00adtel\u00adten Infor\u00adma\u00adtio\u00adnen spei\u00adchert, sodass mei\u00adne Anfra\u00adge beant\u00adwor\u00adtet wer\u00adden kann.<\/label><\/li><\/ul><\/div><\/div><!-- .wpforms-field-container --><div class=\"wpforms-recaptcha-container wpforms-is-recaptcha wpforms-is-recaptcha-type-invisible\"><div class=\"g-recaptcha\" data-sitekey=\"6LdA5xQpAAAAAFyw8DB8BCan9TW7umtNfA8khO1C\" data-size=\"invisible\"><\/div><\/div><div class=\"wpforms-submit-container\"><input type=\"hidden\" name=\"wpforms[id]\" value=\"1701\"><input type=\"hidden\" name=\"page_title\" value><input type=\"hidden\" name=\"page_url\" value=\"https:\/\/eichenlaub-haunwang.de\/index.php\/wp-json\/wp\/v2\/pages\/1705\"><input type=\"hidden\" name=\"url_referer\" value><button type=\"submit\" name=\"wpforms[submit]\" id=\"wpforms-submit-1701\" class=\"wpforms-submit\" data-alt-text=\"Wird gesendet&nbsp;\u2026\" data-submit-text=\"Absenden\" aria-live=\"assertive\" value=\"wpforms-submit\">Absenden<\/button><img loading=\"lazy\" decoding=\"async\" src=\"https:\/\/eichenlaub-haunwang.de\/wp-content\/plugins\/wpforms-lite\/assets\/images\/submit-spin.svg\" class=\"wpforms-submit-spinner\" style=\"display: none;\" width=\"26\" height=\"26\" alt=\"Wird geladen\"><\/div><\/form><\/div>  <!-- .wpforms-container -->\n","protected":false},"excerpt":{"rendered":"<p>Spa\u00df, Span\u00adnung und Sport f\u00fcr Kin\u00adder ab 6 Jah\u00adren! Du bist min\u00addes\u00adtens 6 Jah\u00adre alt und hast Lust auf eine span\u00adnen\u00adde, pr\u00e4\u00adzi\u00adse Sport\u00adart? Dann komm vor\u00adbei und pro\u00adbie\u00adre das Licht\u00adge\u00adwehr\u00adschie\u00ad\u00dfen [\u2026]<\/p>\n","protected":false},"author":1,"featured_media":0,"parent":0,"menu_order":0,"comment_status":"closed","ping_status":"closed","template":"","meta":{"_lmt_disableupdate":"","_lmt_disable":"","wp_typography_post_enhancements_disabled":false,"_EventAllDay":false,"_EventTimezone":"","_EventStartDate":"","_EventEndDate":"","_EventStartDateUTC":"","_EventEndDateUTC":"","_EventShowMap":false,"_EventShowMapLink":false,"_EventURL":"","_EventCost":"","_EventCostDescription":"","_EventCurrencySymbol":"","_EventCurrencyCode":"","_EventCurrencyPosition":"","_EventDateTimeSeparator":"","_EventTimeRangeSeparator":"","_EventOrganizerID":[],"_EventVenueID":[],"_OrganizerEmail":"","_OrganizerPhone":"","_OrganizerWebsite":"","_VenueAddress":"","_VenueCity":"","_VenueCountry":"","_VenueProvince":"","_VenueState":"","_VenueZip":"","_VenuePhone":"","_VenueURL":"","_VenueStateProvince":"","_VenueLat":"","_VenueLng":"","_VenueShowMap":false,"_VenueShowMapLink":false,"footnotes":""},"class_list":["post-1705","page","type-page","status-publish","czr-hentry"],"yoast_head":"<!-- This site is optimized with the Yoast SEO plugin v27.5 - https:\/\/yoast.com\/product\/yoast-seo-wordpress\/ -->\n<title>Lichtgewehrschie\u00dfen bei den Eichenlaubsch\u00fctzen Haunwang - Eichenlaub Haunwang<\/title>\n<meta name=\"robots\" content=\"index, follow, max-snippet:-1, max-image-preview:large, max-video-preview:-1\" \/>\n<link rel=\"canonical\" href=\"https:\/\/eichenlaub-haunwang.de\/index.php\/lichtgewehrschiessen-bei-den-eichenlaubschuetzen-haunwang\/\" \/>\n<meta property=\"og:locale\" content=\"de_DE\" \/>\n<meta property=\"og:type\" content=\"article\" \/>\n<meta property=\"og:title\" content=\"Lichtgewehrschie\u00dfen bei den Eichenlaubsch\u00fctzen Haunwang - Eichenlaub Haunwang\" \/>\n<meta property=\"og:description\" content=\"Spa\u00df, Spannung und Sport f\u00fcr Kinder ab 6 Jahren! Du bist min\u00addes\u00adtens 6 Jah\u00adre alt und hast Lust auf eine span\u00adnen\u00adde, pr\u00e4\u00adzi\u00adse Sport\u00adart? Dann komm vor\u00adbei und pro\u00adbie\u00adre das Licht\u00adge\u00adwehr\u00adschie\u00ad\u00dfen [&hellip;]\" \/>\n<meta property=\"og:url\" content=\"https:\/\/eichenlaub-haunwang.de\/index.php\/lichtgewehrschiessen-bei-den-eichenlaubschuetzen-haunwang\/\" \/>\n<meta property=\"og:site_name\" content=\"Eichenlaub Haunwang\" \/>\n<meta property=\"article:modified_time\" content=\"2025-02-23T18:54:48+00:00\" \/>\n<meta property=\"og:image\" content=\"https:\/\/eichenlaub-haunwang.de\/wp-content\/uploads\/2025\/02\/lichtgewehr.jpg\" \/>\n\t<meta property=\"og:image:width\" content=\"500\" \/>\n\t<meta property=\"og:image:height\" content=\"500\" \/>\n\t<meta property=\"og:image:type\" content=\"image\/jpeg\" \/>\n<meta name=\"twitter:card\" content=\"summary_large_image\" \/>\n<meta name=\"twitter:label1\" content=\"Gesch\u00e4tzte Lesezeit\" \/>\n\t<meta name=\"twitter:data1\" content=\"2\u00a0Minuten\" \/>\n<script type=\"application\/ld+json\" class=\"yoast-schema-graph\">{\"@context\":\"https:\\\/\\\/schema.org\",\"@graph\":[{\"@type\":\"WebPage\",\"@id\":\"https:\\\/\\\/eichenlaub-haunwang.de\\\/index.php\\\/lichtgewehrschiessen-bei-den-eichenlaubschuetzen-haunwang\\\/\",\"url\":\"https:\\\/\\\/eichenlaub-haunwang.de\\\/index.php\\\/lichtgewehrschiessen-bei-den-eichenlaubschuetzen-haunwang\\\/\",\"name\":\"Lichtgewehrschie\u00dfen bei den Eichenlaubsch\u00fctzen Haunwang - Eichenlaub Haunwang\",\"isPartOf\":{\"@id\":\"https:\\\/\\\/eichenlaub-haunwang.de\\\/#website\"},\"primaryImageOfPage\":{\"@id\":\"https:\\\/\\\/eichenlaub-haunwang.de\\\/index.php\\\/lichtgewehrschiessen-bei-den-eichenlaubschuetzen-haunwang\\\/#primaryimage\"},\"image\":{\"@id\":\"https:\\\/\\\/eichenlaub-haunwang.de\\\/index.php\\\/lichtgewehrschiessen-bei-den-eichenlaubschuetzen-haunwang\\\/#primaryimage\"},\"thumbnailUrl\":\"https:\\\/\\\/eichenlaub-haunwang.de\\\/wp-content\\\/uploads\\\/2025\\\/02\\\/lichtgewehr.jpg\",\"datePublished\":\"2025-02-22T20:16:08+00:00\",\"dateModified\":\"2025-02-23T18:54:48+00:00\",\"breadcrumb\":{\"@id\":\"https:\\\/\\\/eichenlaub-haunwang.de\\\/index.php\\\/lichtgewehrschiessen-bei-den-eichenlaubschuetzen-haunwang\\\/#breadcrumb\"},\"inLanguage\":\"de\",\"potentialAction\":[{\"@type\":\"ReadAction\",\"target\":[\"https:\\\/\\\/eichenlaub-haunwang.de\\\/index.php\\\/lichtgewehrschiessen-bei-den-eichenlaubschuetzen-haunwang\\\/\"]}]},{\"@type\":\"ImageObject\",\"inLanguage\":\"de\",\"@id\":\"https:\\\/\\\/eichenlaub-haunwang.de\\\/index.php\\\/lichtgewehrschiessen-bei-den-eichenlaubschuetzen-haunwang\\\/#primaryimage\",\"url\":\"https:\\\/\\\/eichenlaub-haunwang.de\\\/wp-content\\\/uploads\\\/2025\\\/02\\\/lichtgewehr.jpg\",\"contentUrl\":\"https:\\\/\\\/eichenlaub-haunwang.de\\\/wp-content\\\/uploads\\\/2025\\\/02\\\/lichtgewehr.jpg\",\"width\":500,\"height\":500},{\"@type\":\"BreadcrumbList\",\"@id\":\"https:\\\/\\\/eichenlaub-haunwang.de\\\/index.php\\\/lichtgewehrschiessen-bei-den-eichenlaubschuetzen-haunwang\\\/#breadcrumb\",\"itemListElement\":[{\"@type\":\"ListItem\",\"position\":1,\"name\":\"Startseite\",\"item\":\"https:\\\/\\\/eichenlaub-haunwang.de\\\/\"},{\"@type\":\"ListItem\",\"position\":2,\"name\":\"Lichtgewehrschie\u00dfen bei den Eichenlaubsch\u00fctzen Haunwang\"}]},{\"@type\":\"WebSite\",\"@id\":\"https:\\\/\\\/eichenlaub-haunwang.de\\\/#website\",\"url\":\"https:\\\/\\\/eichenlaub-haunwang.de\\\/\",\"name\":\"Eichenlaub Haunwang\",\"description\":\"gegr. 1950\",\"publisher\":{\"@id\":\"https:\\\/\\\/eichenlaub-haunwang.de\\\/#organization\"},\"potentialAction\":[{\"@type\":\"SearchAction\",\"target\":{\"@type\":\"EntryPoint\",\"urlTemplate\":\"https:\\\/\\\/eichenlaub-haunwang.de\\\/?s={search_term_string}\"},\"query-input\":{\"@type\":\"PropertyValueSpecification\",\"valueRequired\":true,\"valueName\":\"search_term_string\"}}],\"inLanguage\":\"de\"},{\"@type\":\"Organization\",\"@id\":\"https:\\\/\\\/eichenlaub-haunwang.de\\\/#organization\",\"name\":\"Eichenlaub Haunwang\",\"url\":\"https:\\\/\\\/eichenlaub-haunwang.de\\\/\",\"logo\":{\"@type\":\"ImageObject\",\"inLanguage\":\"de\",\"@id\":\"https:\\\/\\\/eichenlaub-haunwang.de\\\/#\\\/schema\\\/logo\\\/image\\\/\",\"url\":\"https:\\\/\\\/eichenlaub-haunwang.de\\\/wp-content\\\/uploads\\\/media\\\/template\\\/cropped-eh-wappen-aussen_transparent_small.png\",\"contentUrl\":\"https:\\\/\\\/eichenlaub-haunwang.de\\\/wp-content\\\/uploads\\\/media\\\/template\\\/cropped-eh-wappen-aussen_transparent_small.png\",\"width\":514,\"height\":554,\"caption\":\"Eichenlaub Haunwang\"},\"image\":{\"@id\":\"https:\\\/\\\/eichenlaub-haunwang.de\\\/#\\\/schema\\\/logo\\\/image\\\/\"}}]}<\/script>\n<!-- \/ Yoast SEO plugin. -->","yoast_head_json":{"title":"Lichtgewehrschie\u00dfen bei den Eichenlaubsch\u00fctzen Haunwang - Eichenlaub Haunwang","robots":{"index":"index","follow":"follow","max-snippet":"max-snippet:-1","max-image-preview":"max-image-preview:large","max-video-preview":"max-video-preview:-1"},"canonical":"https:\/\/eichenlaub-haunwang.de\/index.php\/lichtgewehrschiessen-bei-den-eichenlaubschuetzen-haunwang\/","og_locale":"de_DE","og_type":"article","og_title":"Lichtgewehrschie\u00dfen bei den Eichenlaubsch\u00fctzen Haunwang - Eichenlaub Haunwang","og_description":"Spa\u00df, Spannung und Sport f\u00fcr Kinder ab 6 Jahren! Du bist min\u00addes\u00adtens 6 Jah\u00adre alt und hast Lust auf eine span\u00adnen\u00adde, pr\u00e4\u00adzi\u00adse Sport\u00adart? Dann komm vor\u00adbei und pro\u00adbie\u00adre das Licht\u00adge\u00adwehr\u00adschie\u00ad\u00dfen [&hellip;]","og_url":"https:\/\/eichenlaub-haunwang.de\/index.php\/lichtgewehrschiessen-bei-den-eichenlaubschuetzen-haunwang\/","og_site_name":"Eichenlaub Haunwang","article_modified_time":"2025-02-23T18:54:48+00:00","og_image":[{"width":500,"height":500,"url":"https:\/\/eichenlaub-haunwang.de\/wp-content\/uploads\/2025\/02\/lichtgewehr.jpg","type":"image\/jpeg"}],"twitter_card":"summary_large_image","twitter_misc":{"Gesch\u00e4tzte Lesezeit":"2\u00a0Minuten"},"schema":{"@context":"https:\/\/schema.org","@graph":[{"@type":"WebPage","@id":"https:\/\/eichenlaub-haunwang.de\/index.php\/lichtgewehrschiessen-bei-den-eichenlaubschuetzen-haunwang\/","url":"https:\/\/eichenlaub-haunwang.de\/index.php\/lichtgewehrschiessen-bei-den-eichenlaubschuetzen-haunwang\/","name":"Lichtgewehrschie\u00dfen bei den Eichenlaubsch\u00fctzen Haunwang - Eichenlaub Haunwang","isPartOf":{"@id":"https:\/\/eichenlaub-haunwang.de\/#website"},"primaryImageOfPage":{"@id":"https:\/\/eichenlaub-haunwang.de\/index.php\/lichtgewehrschiessen-bei-den-eichenlaubschuetzen-haunwang\/#primaryimage"},"image":{"@id":"https:\/\/eichenlaub-haunwang.de\/index.php\/lichtgewehrschiessen-bei-den-eichenlaubschuetzen-haunwang\/#primaryimage"},"thumbnailUrl":"https:\/\/eichenlaub-haunwang.de\/wp-content\/uploads\/2025\/02\/lichtgewehr.jpg","datePublished":"2025-02-22T20:16:08+00:00","dateModified":"2025-02-23T18:54:48+00:00","breadcrumb":{"@id":"https:\/\/eichenlaub-haunwang.de\/index.php\/lichtgewehrschiessen-bei-den-eichenlaubschuetzen-haunwang\/#breadcrumb"},"inLanguage":"de","potentialAction":[{"@type":"ReadAction","target":["https:\/\/eichenlaub-haunwang.de\/index.php\/lichtgewehrschiessen-bei-den-eichenlaubschuetzen-haunwang\/"]}]},{"@type":"ImageObject","inLanguage":"de","@id":"https:\/\/eichenlaub-haunwang.de\/index.php\/lichtgewehrschiessen-bei-den-eichenlaubschuetzen-haunwang\/#primaryimage","url":"https:\/\/eichenlaub-haunwang.de\/wp-content\/uploads\/2025\/02\/lichtgewehr.jpg","contentUrl":"https:\/\/eichenlaub-haunwang.de\/wp-content\/uploads\/2025\/02\/lichtgewehr.jpg","width":500,"height":500},{"@type":"BreadcrumbList","@id":"https:\/\/eichenlaub-haunwang.de\/index.php\/lichtgewehrschiessen-bei-den-eichenlaubschuetzen-haunwang\/#breadcrumb","itemListElement":[{"@type":"ListItem","position":1,"name":"Startseite","item":"https:\/\/eichenlaub-haunwang.de\/"},{"@type":"ListItem","position":2,"name":"Lichtgewehrschie\u00dfen bei den Eichenlaubsch\u00fctzen Haunwang"}]},{"@type":"WebSite","@id":"https:\/\/eichenlaub-haunwang.de\/#website","url":"https:\/\/eichenlaub-haunwang.de\/","name":"Eichenlaub Haunwang","description":"gegr. 1950","publisher":{"@id":"https:\/\/eichenlaub-haunwang.de\/#organization"},"potentialAction":[{"@type":"SearchAction","target":{"@type":"EntryPoint","urlTemplate":"https:\/\/eichenlaub-haunwang.de\/?s={search_term_string}"},"query-input":{"@type":"PropertyValueSpecification","valueRequired":true,"valueName":"search_term_string"}}],"inLanguage":"de"},{"@type":"Organization","@id":"https:\/\/eichenlaub-haunwang.de\/#organization","name":"Eichenlaub Haunwang","url":"https:\/\/eichenlaub-haunwang.de\/","logo":{"@type":"ImageObject","inLanguage":"de","@id":"https:\/\/eichenlaub-haunwang.de\/#\/schema\/logo\/image\/","url":"https:\/\/eichenlaub-haunwang.de\/wp-content\/uploads\/media\/template\/cropped-eh-wappen-aussen_transparent_small.png","contentUrl":"https:\/\/eichenlaub-haunwang.de\/wp-content\/uploads\/media\/template\/cropped-eh-wappen-aussen_transparent_small.png","width":514,"height":554,"caption":"Eichenlaub Haunwang"},"image":{"@id":"https:\/\/eichenlaub-haunwang.de\/#\/schema\/logo\/image\/"}}]}},"_links":{"self":[{"href":"https:\/\/eichenlaub-haunwang.de\/index.php\/wp-json\/wp\/v2\/pages\/1705","targetHints":{"allow":["GET"]}}],"collection":[{"href":"https:\/\/eichenlaub-haunwang.de\/index.php\/wp-json\/wp\/v2\/pages"}],"about":[{"href":"https:\/\/eichenlaub-haunwang.de\/index.php\/wp-json\/wp\/v2\/types\/page"}],"author":[{"embeddable":true,"href":"https:\/\/eichenlaub-haunwang.de\/index.php\/wp-json\/wp\/v2\/users\/1"}],"replies":[{"embeddable":true,"href":"https:\/\/eichenlaub-haunwang.de\/index.php\/wp-json\/wp\/v2\/comments?post=1705"}],"version-history":[{"count":5,"href":"https:\/\/eichenlaub-haunwang.de\/index.php\/wp-json\/wp\/v2\/pages\/1705\/revisions"}],"predecessor-version":[{"id":1735,"href":"https:\/\/eichenlaub-haunwang.de\/index.php\/wp-json\/wp\/v2\/pages\/1705\/revisions\/1735"}],"wp:attachment":[{"href":"https:\/\/eichenlaub-haunwang.de\/index.php\/wp-json\/wp\/v2\/media?parent=1705"}],"curies":[{"name":"wp","href":"https:\/\/api.w.org\/{rel}","templated":true}]}}