{"id":1731,"date":"2025-02-23T19:52:37","date_gmt":"2025-02-23T18:52:37","guid":{"rendered":"https:\/\/eichenlaub-haunwang.de\/?page_id=1731"},"modified":"2025-02-23T19:53:53","modified_gmt":"2025-02-23T18:53:53","slug":"einverstaendniserklaerung-gemaess-27-waffg","status":"publish","type":"page","link":"https:\/\/eichenlaub-haunwang.de\/index.php\/einverstaendniserklaerung-gemaess-27-waffg\/","title":{"rendered":"Einverst\u00e4ndniserkl\u00e4rung gem\u00e4ss \u00a7 27 WaffG"},"content":{"rendered":"\n<p>Um min\u00adder\u00adj\u00e4h\u00adri\u00adge Sch\u00fct\u00adzIn\u00adnen in unse\u00adrem Ver\u00adein auf\u00adneh\u00admen zu k\u00f6n\u00adnen, ist gem\u00e4\u00df \u00a7 27 WaffG Ihre Ein\u00adver\u00adst\u00e4nd\u00adnis\u00ader\u00adkl\u00e4\u00adrung erfor\u00adder\u00adlich. Die\u00adse dient dazu, sicher\u00adzu\u00adstel\u00adlen, dass Sie als Erzie\u00adhungs\u00adbe\u00adrech\u00adtig\u00adte mit der Teil\u00adnah\u00adme Ihres Kin\u00addes am Schie\u00df\u00adsport ein\u00adver\u00adstan\u00adden sind und die gesetz\u00adli\u00adchen Vor\u00adga\u00adben zum Umgang mit Waf\u00adfen erf\u00fcllt wer\u00adden.<\/p>\n\n\n\n<div data-wp-interactive=\"core\/file\" class=\"wp-block-file\"><object data-wp-bind--hidden=\"!state.hasPdfPreview\" hidden class=\"wp-block-file__embed\" data=\"https:\/\/eichenlaub-haunwang.de\/wp-content\/uploads\/2025\/02\/2024-02-15-EH-Haunwang-Einverstaendniserklaerung-gemaess-\u00a7-27-WaffG.pdf\" type=\"application\/pdf\" style=\"width:100%;height:600px\" aria-label=\"Einbettung von 2024-02-15 EH Haunwang Einverst\u00e4ndniserkl\u00e4rung gem\u00e4\u00df \u00a7 27 WaffG.\"><\/object><a id=\"wp-block-file--media-143edb13-7c64-4cb0-8b22-c7cd22446983\" href=\"https:\/\/eichenlaub-haunwang.de\/wp-content\/uploads\/2025\/02\/2024-02-15-EH-Haunwang-Einverstaendniserklaerung-gemaess-\u00a7-27-WaffG.pdf\">2024-02-15 EH Haun\u00adwang Ein\u00adver\u00adst\u00e4nd\u00adnis\u00ader\u00adkl\u00e4\u00adrung gem\u00e4\u00df \u00a7 27 WaffG<\/a><a href=\"https:\/\/eichenlaub-haunwang.de\/wp-content\/uploads\/2025\/02\/2024-02-15-EH-Haunwang-Einverstaendniserklaerung-gemaess-\u00a7-27-WaffG.pdf\" class=\"wp-block-file__button wp-element-button\" download aria-describedby=\"wp-block-file--media-143edb13-7c64-4cb0-8b22-c7cd22446983\">Her\u00adun\u00adter\u00adla\u00adden<\/a><\/div>\n","protected":false},"excerpt":{"rendered":"<p>Um min\u00adder\u00adj\u00e4h\u00adri\u00adge Sch\u00fct\u00adzIn\u00adnen in unse\u00adrem Ver\u00adein auf\u00adneh\u00admen zu k\u00f6n\u00adnen, ist gem\u00e4\u00df \u00a7 27 WaffG Ihre Ein\u00adver\u00adst\u00e4nd\u00adnis\u00ader\u00adkl\u00e4\u00adrung erfor\u00adder\u00adlich. Die\u00adse dient dazu, sicher\u00adzu\u00adstel\u00adlen, dass Sie als Erzie\u00adhungs\u00adbe\u00adrech\u00adtig\u00adte mit der Teil\u00adnah\u00adme Ihres Kin\u00addes [\u2026]<\/p>\n","protected":false},"author":1,"featured_media":0,"parent":0,"menu_order":0,"comment_status":"closed","ping_status":"closed","template":"","meta":{"_lmt_disableupdate":"","_lmt_disable":"","wp_typography_post_enhancements_disabled":false,"_EventAllDay":false,"_EventTimezone":"","_EventStartDate":"","_EventEndDate":"","_EventStartDateUTC":"","_EventEndDateUTC":"","_EventShowMap":false,"_EventShowMapLink":false,"_EventURL":"","_EventCost":"","_EventCostDescription":"","_EventCurrencySymbol":"","_EventCurrencyCode":"","_EventCurrencyPosition":"","_EventDateTimeSeparator":"","_EventTimeRangeSeparator":"","_EventOrganizerID":[],"_EventVenueID":[],"_OrganizerEmail":"","_OrganizerPhone":"","_OrganizerWebsite":"","_VenueAddress":"","_VenueCity":"","_VenueCountry":"","_VenueProvince":"","_VenueState":"","_VenueZip":"","_VenuePhone":"","_VenueURL":"","_VenueStateProvince":"","_VenueLat":"","_VenueLng":"","_VenueShowMap":false,"_VenueShowMapLink":false,"footnotes":""},"class_list":["post-1731","page","type-page","status-publish","czr-hentry"],"yoast_head":"<!-- This site is optimized with the Yoast SEO plugin v27.5 - https:\/\/yoast.com\/product\/yoast-seo-wordpress\/ -->\n<title>Einverst\u00e4ndniserkl\u00e4rung gem\u00e4ss \u00a7 27 WaffG - Eichenlaub Haunwang<\/title>\n<meta name=\"robots\" content=\"index, follow, max-snippet:-1, max-image-preview:large, max-video-preview:-1\" \/>\n<link rel=\"canonical\" href=\"https:\/\/eichenlaub-haunwang.de\/index.php\/einverstaendniserklaerung-gemaess-27-waffg\/\" \/>\n<meta property=\"og:locale\" content=\"de_DE\" \/>\n<meta property=\"og:type\" content=\"article\" \/>\n<meta property=\"og:title\" content=\"Einverst\u00e4ndniserkl\u00e4rung gem\u00e4ss \u00a7 27 WaffG - Eichenlaub Haunwang\" \/>\n<meta property=\"og:description\" content=\"Um min\u00adder\u00adj\u00e4h\u00adri\u00adge Sch\u00fct\u00adzIn\u00adnen in unse\u00adrem Ver\u00adein auf\u00adneh\u00admen zu k\u00f6n\u00adnen, ist gem\u00e4\u00df \u00a7 27 WaffG Ihre Ein\u00adver\u00adst\u00e4nd\u00adnis\u00ader\u00adkl\u00e4\u00adrung erfor\u00adder\u00adlich. Die\u00adse dient dazu, sicher\u00adzu\u00adstel\u00adlen, dass Sie als Erzie\u00adhungs\u00adbe\u00adrech\u00adtig\u00adte mit der Teil\u00adnah\u00adme Ihres Kin\u00addes [&hellip;]\" \/>\n<meta property=\"og:url\" content=\"https:\/\/eichenlaub-haunwang.de\/index.php\/einverstaendniserklaerung-gemaess-27-waffg\/\" \/>\n<meta property=\"og:site_name\" content=\"Eichenlaub Haunwang\" \/>\n<meta property=\"article:modified_time\" content=\"2025-02-23T18:53:53+00:00\" \/>\n<meta name=\"twitter:card\" content=\"summary_large_image\" \/>\n<meta name=\"twitter:label1\" content=\"Gesch\u00e4tzte Lesezeit\" \/>\n\t<meta name=\"twitter:data1\" content=\"1\u00a0Minute\" \/>\n<script type=\"application\/ld+json\" class=\"yoast-schema-graph\">{\"@context\":\"https:\\\/\\\/schema.org\",\"@graph\":[{\"@type\":\"WebPage\",\"@id\":\"https:\\\/\\\/eichenlaub-haunwang.de\\\/index.php\\\/einverstaendniserklaerung-gemaess-27-waffg\\\/\",\"url\":\"https:\\\/\\\/eichenlaub-haunwang.de\\\/index.php\\\/einverstaendniserklaerung-gemaess-27-waffg\\\/\",\"name\":\"Einverst\u00e4ndniserkl\u00e4rung gem\u00e4ss \u00a7 27 WaffG - Eichenlaub Haunwang\",\"isPartOf\":{\"@id\":\"https:\\\/\\\/eichenlaub-haunwang.de\\\/#website\"},\"datePublished\":\"2025-02-23T18:52:37+00:00\",\"dateModified\":\"2025-02-23T18:53:53+00:00\",\"breadcrumb\":{\"@id\":\"https:\\\/\\\/eichenlaub-haunwang.de\\\/index.php\\\/einverstaendniserklaerung-gemaess-27-waffg\\\/#breadcrumb\"},\"inLanguage\":\"de\",\"potentialAction\":[{\"@type\":\"ReadAction\",\"target\":[\"https:\\\/\\\/eichenlaub-haunwang.de\\\/index.php\\\/einverstaendniserklaerung-gemaess-27-waffg\\\/\"]}]},{\"@type\":\"BreadcrumbList\",\"@id\":\"https:\\\/\\\/eichenlaub-haunwang.de\\\/index.php\\\/einverstaendniserklaerung-gemaess-27-waffg\\\/#breadcrumb\",\"itemListElement\":[{\"@type\":\"ListItem\",\"position\":1,\"name\":\"Startseite\",\"item\":\"https:\\\/\\\/eichenlaub-haunwang.de\\\/\"},{\"@type\":\"ListItem\",\"position\":2,\"name\":\"Einverst\u00e4ndniserkl\u00e4rung gem\u00e4ss \u00a7 27 WaffG\"}]},{\"@type\":\"WebSite\",\"@id\":\"https:\\\/\\\/eichenlaub-haunwang.de\\\/#website\",\"url\":\"https:\\\/\\\/eichenlaub-haunwang.de\\\/\",\"name\":\"Eichenlaub Haunwang\",\"description\":\"gegr. 1950\",\"publisher\":{\"@id\":\"https:\\\/\\\/eichenlaub-haunwang.de\\\/#organization\"},\"potentialAction\":[{\"@type\":\"SearchAction\",\"target\":{\"@type\":\"EntryPoint\",\"urlTemplate\":\"https:\\\/\\\/eichenlaub-haunwang.de\\\/?s={search_term_string}\"},\"query-input\":{\"@type\":\"PropertyValueSpecification\",\"valueRequired\":true,\"valueName\":\"search_term_string\"}}],\"inLanguage\":\"de\"},{\"@type\":\"Organization\",\"@id\":\"https:\\\/\\\/eichenlaub-haunwang.de\\\/#organization\",\"name\":\"Eichenlaub Haunwang\",\"url\":\"https:\\\/\\\/eichenlaub-haunwang.de\\\/\",\"logo\":{\"@type\":\"ImageObject\",\"inLanguage\":\"de\",\"@id\":\"https:\\\/\\\/eichenlaub-haunwang.de\\\/#\\\/schema\\\/logo\\\/image\\\/\",\"url\":\"https:\\\/\\\/eichenlaub-haunwang.de\\\/wp-content\\\/uploads\\\/media\\\/template\\\/cropped-eh-wappen-aussen_transparent_small.png\",\"contentUrl\":\"https:\\\/\\\/eichenlaub-haunwang.de\\\/wp-content\\\/uploads\\\/media\\\/template\\\/cropped-eh-wappen-aussen_transparent_small.png\",\"width\":514,\"height\":554,\"caption\":\"Eichenlaub Haunwang\"},\"image\":{\"@id\":\"https:\\\/\\\/eichenlaub-haunwang.de\\\/#\\\/schema\\\/logo\\\/image\\\/\"}}]}<\/script>\n<!-- \/ Yoast SEO plugin. -->","yoast_head_json":{"title":"Einverst\u00e4ndniserkl\u00e4rung gem\u00e4ss \u00a7 27 WaffG - Eichenlaub Haunwang","robots":{"index":"index","follow":"follow","max-snippet":"max-snippet:-1","max-image-preview":"max-image-preview:large","max-video-preview":"max-video-preview:-1"},"canonical":"https:\/\/eichenlaub-haunwang.de\/index.php\/einverstaendniserklaerung-gemaess-27-waffg\/","og_locale":"de_DE","og_type":"article","og_title":"Einverst\u00e4ndniserkl\u00e4rung gem\u00e4ss \u00a7 27 WaffG - Eichenlaub Haunwang","og_description":"Um min\u00adder\u00adj\u00e4h\u00adri\u00adge Sch\u00fct\u00adzIn\u00adnen in unse\u00adrem Ver\u00adein auf\u00adneh\u00admen zu k\u00f6n\u00adnen, ist gem\u00e4\u00df \u00a7 27 WaffG Ihre Ein\u00adver\u00adst\u00e4nd\u00adnis\u00ader\u00adkl\u00e4\u00adrung erfor\u00adder\u00adlich. Die\u00adse dient dazu, sicher\u00adzu\u00adstel\u00adlen, dass Sie als Erzie\u00adhungs\u00adbe\u00adrech\u00adtig\u00adte mit der Teil\u00adnah\u00adme Ihres Kin\u00addes [&hellip;]","og_url":"https:\/\/eichenlaub-haunwang.de\/index.php\/einverstaendniserklaerung-gemaess-27-waffg\/","og_site_name":"Eichenlaub Haunwang","article_modified_time":"2025-02-23T18:53:53+00:00","twitter_card":"summary_large_image","twitter_misc":{"Gesch\u00e4tzte Lesezeit":"1\u00a0Minute"},"schema":{"@context":"https:\/\/schema.org","@graph":[{"@type":"WebPage","@id":"https:\/\/eichenlaub-haunwang.de\/index.php\/einverstaendniserklaerung-gemaess-27-waffg\/","url":"https:\/\/eichenlaub-haunwang.de\/index.php\/einverstaendniserklaerung-gemaess-27-waffg\/","name":"Einverst\u00e4ndniserkl\u00e4rung gem\u00e4ss \u00a7 27 WaffG - Eichenlaub Haunwang","isPartOf":{"@id":"https:\/\/eichenlaub-haunwang.de\/#website"},"datePublished":"2025-02-23T18:52:37+00:00","dateModified":"2025-02-23T18:53:53+00:00","breadcrumb":{"@id":"https:\/\/eichenlaub-haunwang.de\/index.php\/einverstaendniserklaerung-gemaess-27-waffg\/#breadcrumb"},"inLanguage":"de","potentialAction":[{"@type":"ReadAction","target":["https:\/\/eichenlaub-haunwang.de\/index.php\/einverstaendniserklaerung-gemaess-27-waffg\/"]}]},{"@type":"BreadcrumbList","@id":"https:\/\/eichenlaub-haunwang.de\/index.php\/einverstaendniserklaerung-gemaess-27-waffg\/#breadcrumb","itemListElement":[{"@type":"ListItem","position":1,"name":"Startseite","item":"https:\/\/eichenlaub-haunwang.de\/"},{"@type":"ListItem","position":2,"name":"Einverst\u00e4ndniserkl\u00e4rung gem\u00e4ss \u00a7 27 WaffG"}]},{"@type":"WebSite","@id":"https:\/\/eichenlaub-haunwang.de\/#website","url":"https:\/\/eichenlaub-haunwang.de\/","name":"Eichenlaub Haunwang","description":"gegr. 1950","publisher":{"@id":"https:\/\/eichenlaub-haunwang.de\/#organization"},"potentialAction":[{"@type":"SearchAction","target":{"@type":"EntryPoint","urlTemplate":"https:\/\/eichenlaub-haunwang.de\/?s={search_term_string}"},"query-input":{"@type":"PropertyValueSpecification","valueRequired":true,"valueName":"search_term_string"}}],"inLanguage":"de"},{"@type":"Organization","@id":"https:\/\/eichenlaub-haunwang.de\/#organization","name":"Eichenlaub Haunwang","url":"https:\/\/eichenlaub-haunwang.de\/","logo":{"@type":"ImageObject","inLanguage":"de","@id":"https:\/\/eichenlaub-haunwang.de\/#\/schema\/logo\/image\/","url":"https:\/\/eichenlaub-haunwang.de\/wp-content\/uploads\/media\/template\/cropped-eh-wappen-aussen_transparent_small.png","contentUrl":"https:\/\/eichenlaub-haunwang.de\/wp-content\/uploads\/media\/template\/cropped-eh-wappen-aussen_transparent_small.png","width":514,"height":554,"caption":"Eichenlaub Haunwang"},"image":{"@id":"https:\/\/eichenlaub-haunwang.de\/#\/schema\/logo\/image\/"}}]}},"_links":{"self":[{"href":"https:\/\/eichenlaub-haunwang.de\/index.php\/wp-json\/wp\/v2\/pages\/1731","targetHints":{"allow":["GET"]}}],"collection":[{"href":"https:\/\/eichenlaub-haunwang.de\/index.php\/wp-json\/wp\/v2\/pages"}],"about":[{"href":"https:\/\/eichenlaub-haunwang.de\/index.php\/wp-json\/wp\/v2\/types\/page"}],"author":[{"embeddable":true,"href":"https:\/\/eichenlaub-haunwang.de\/index.php\/wp-json\/wp\/v2\/users\/1"}],"replies":[{"embeddable":true,"href":"https:\/\/eichenlaub-haunwang.de\/index.php\/wp-json\/wp\/v2\/comments?post=1731"}],"version-history":[{"count":2,"href":"https:\/\/eichenlaub-haunwang.de\/index.php\/wp-json\/wp\/v2\/pages\/1731\/revisions"}],"predecessor-version":[{"id":1734,"href":"https:\/\/eichenlaub-haunwang.de\/index.php\/wp-json\/wp\/v2\/pages\/1731\/revisions\/1734"}],"wp:attachment":[{"href":"https:\/\/eichenlaub-haunwang.de\/index.php\/wp-json\/wp\/v2\/media?parent=1731"}],"curies":[{"name":"wp","href":"https:\/\/api.w.org\/{rel}","templated":true}]}}